{"id":716,"date":"2026-01-15T14:07:49","date_gmt":"2026-01-15T14:07:49","guid":{"rendered":"https:\/\/villacoralli.com\/i-nostri-servizifacilities\/"},"modified":"2026-03-05T10:50:40","modified_gmt":"2026-03-05T10:50:40","slug":"i-nostri-servizi","status":"publish","type":"page","link":"https:\/\/villacoralli.com\/it\/i-nostri-servizi\/","title":{"rendered":"I NOSTRI SERVIZI"},"content":{"rendered":"\n<div style=\"height:40px\" aria-hidden=\"true\" class=\"wp-block-spacer\"><\/div>\n\n<p><br\/>L\u2019 Villa Coralli si trova di fronte alla bella spiaggia di Krioneri, a soli 150 metri dal centro della citt\u00e0. La struttura \u00e8 abbastanza lontano dalle luci e dai rumori della citt\u00e0, ma al contempo permette di raggiungere facilmente, anche a piedi, negozi, ristoranti, spiagge,parcheggio privato a pagamento.<\/p>\n\n<p>La struttura, ristrutturato di recente, \u00e8 in grado di offrire tutte le moderne comodit\u00e0, mentre particolare cura viene data alla pulizia e alla corretta manutenzione.<\/p>\n\n<p>Il caff\u00e9-bar \u00e8 aperto dalle 8:00 di mattino fino a mezzanotte.<\/p>\n\n<p>In the morning our guests may enjoy fresh Greek products from our intercontinental buffet.<\/p>\n\n<p>Pi\u00f9 tardi, i nostri ospiti possono rilassarsi nella veranda, dove vengono servite bevande calde o fredde, godendo dei fantastici tramonti e della frescura della sera.<\/p>\n\n<p>La veranda del caff\u00e9-bar offre una meravigliosa vista del Mar Ionio, della citt\u00e0 di Parga, dell\u2019 isolotto di Panaghia e del Castello Veneziano.<\/p>\n\n<p>La struttura Villa Coralli \u00e8 un\u2019 azienda a conduzione familiare che ha come obbiettivo quello di lasciare pienamente soddisfatti i suoi ospiti, offrendo loro ospitalit\u00e0, amicizia e soprattutto un piacevole soggiorno.<\/p>\n\n<div class=\"wp-block-getwid-advanced-heading has-custom-font-size\" style=\"font-size:48px\"><h2 class=\"wp-block-getwid-advanced-heading__content\" style=\"text-align:center\">FACILITIES<\/h2><\/div>\n\n<div class=\"wp-block-group is-layout-grid wp-container-core-group-is-layout-148d70a5 wp-block-group-is-layout-grid\">\n<ul class=\"wp-block-list\">\n<li>Check-in: 15:00 &#8211; 23:00<\/li>\n\n\n\n<li>Check-out: 07:00 \u2013 11:00<\/li>\n\n\n\n<li>Wi-Fi gratuito<\/li>\n\n\n\n<li>Reception<\/li>\n\n\n\n<li>Custodia bagagli<\/li>\n\n\n\n<li>Cassette di sicurezza<\/li>\n\n\n\n<li>Fax \/ fotocopiatrice \/ servizio e-mail<\/li>\n<\/ul>\n\n\n\n<ul class=\"wp-block-list\">\n<li>Caff\u00e9-bar<\/li>\n\n\n\n<li>Buffet mattutino<\/li>\n\n\n\n<li>Culle \u2013 seggiolini per bambini<\/li>\n\n\n\n<li>Si accettano carte di credito<\/li>\n\n\n\n<li>Possibilit\u00e0 di pagamento in contanti<\/li>\n<\/ul>\n<\/div>\n\n<p>* Trasporto (su richiesta) in taxi o con altro mezzo da e verso l\u2019 aeroporto di Preveza e il porto di Igumenizza<\/p>\n\n<div class=\"wp-block-responsive-lightbox-gallery\"><div class=\"rl-gallery-container rl-loading\" id=\"rl-gallery-container-1\" data-gallery_id=\"595\"> <div class=\"rl-gallery rl-basicgrid-gallery \" id=\"rl-gallery-1\" data-gallery_no=\"1\"> <div class=\"rl-gallery-item\"><a href=\"https:\/\/villacoralli.com\/wp-content\/uploads\/2026\/01\/hg2-4a57ba8d6c.jpg\" title=\"\" data-rl_title=\"\" class=\"rl-gallery-link\" data-rl_caption=\"\" data-rel=\"lightbox-gallery-1\"><img fetchpriority=\"high\" decoding=\"async\" src=\"https:\/\/villacoralli.com\/wp-content\/uploads\/2026\/01\/hg2-4a57ba8d6c.jpg\" width=\"1000\" height=\"667\" alt=\"\"\/><\/a><\/div><div class=\"rl-gallery-item\"><a href=\"https:\/\/villacoralli.com\/wp-content\/uploads\/2026\/01\/hg3-4a57ba8d6c.jpg\" title=\"\" data-rl_title=\"\" class=\"rl-gallery-link\" data-rl_caption=\"\" data-rel=\"lightbox-gallery-1\"><img decoding=\"async\" src=\"https:\/\/villacoralli.com\/wp-content\/uploads\/2026\/01\/hg3-4a57ba8d6c.jpg\" width=\"1000\" height=\"730\" alt=\"\"\/><\/a><\/div><div class=\"rl-gallery-item\"><a href=\"https:\/\/villacoralli.com\/wp-content\/uploads\/2026\/01\/hg5-4a57ba8d6c.jpg\" title=\"\" data-rl_title=\"\" class=\"rl-gallery-link\" data-rl_caption=\"\" data-rel=\"lightbox-gallery-1\"><img decoding=\"async\" src=\"https:\/\/villacoralli.com\/wp-content\/uploads\/2026\/01\/hg5-4a57ba8d6c.jpg\" width=\"1000\" height=\"554\" alt=\"\"\/><\/a><\/div><div class=\"rl-gallery-item\"><a href=\"https:\/\/villacoralli.com\/wp-content\/uploads\/2026\/01\/hg10-4a57ba8d6c.jpg\" title=\"\" data-rl_title=\"\" class=\"rl-gallery-link\" data-rl_caption=\"\" data-rel=\"lightbox-gallery-1\"><img loading=\"lazy\" decoding=\"async\" src=\"https:\/\/villacoralli.com\/wp-content\/uploads\/2026\/01\/hg10-4a57ba8d6c.jpg\" width=\"1000\" height=\"665\" alt=\"\"\/><\/a><\/div><div class=\"rl-gallery-item\"><a href=\"https:\/\/villacoralli.com\/wp-content\/uploads\/2026\/01\/hg9-4a57ba8d6c.jpg\" title=\"\" data-rl_title=\"\" class=\"rl-gallery-link\" data-rl_caption=\"\" data-rel=\"lightbox-gallery-1\"><img loading=\"lazy\" decoding=\"async\" src=\"https:\/\/villacoralli.com\/wp-content\/uploads\/2026\/01\/hg9-4a57ba8d6c.jpg\" width=\"1000\" height=\"667\" alt=\"\"\/><\/a><\/div><div class=\"rl-gallery-item\"><a href=\"https:\/\/villacoralli.com\/wp-content\/uploads\/2026\/01\/hg7-4a57ba8d6c.jpg\" title=\"\" data-rl_title=\"\" class=\"rl-gallery-link\" data-rl_caption=\"\" data-rel=\"lightbox-gallery-1\"><img loading=\"lazy\" decoding=\"async\" src=\"https:\/\/villacoralli.com\/wp-content\/uploads\/2026\/01\/hg7-4a57ba8d6c.jpg\" width=\"1000\" height=\"791\" alt=\"\"\/><\/a><\/div><div class=\"rl-gallery-item\"><a href=\"https:\/\/villacoralli.com\/wp-content\/uploads\/2026\/01\/hg16-4a57ba8d6c.jpg\" title=\"\" data-rl_title=\"\" class=\"rl-gallery-link\" data-rl_caption=\"\" data-rel=\"lightbox-gallery-1\"><img loading=\"lazy\" decoding=\"async\" src=\"https:\/\/villacoralli.com\/wp-content\/uploads\/2026\/01\/hg16-4a57ba8d6c.jpg\" width=\"1000\" height=\"667\" alt=\"\"\/><\/a><\/div><div class=\"rl-gallery-item\"><a href=\"https:\/\/villacoralli.com\/wp-content\/uploads\/2026\/01\/fc8-4a57ba8d6c.jpg\" title=\"\" data-rl_title=\"\" class=\"rl-gallery-link\" data-rl_caption=\"\" data-rel=\"lightbox-gallery-1\"><img loading=\"lazy\" decoding=\"async\" src=\"https:\/\/villacoralli.com\/wp-content\/uploads\/2026\/01\/fc8-4a57ba8d6c.jpg\" width=\"666\" height=\"1000\" alt=\"\"\/><\/a><\/div><div class=\"rl-gallery-item\"><a href=\"https:\/\/villacoralli.com\/wp-content\/uploads\/2026\/01\/fc13-7892fac98f.jpg\" title=\"\" data-rl_title=\"\" class=\"rl-gallery-link\" data-rl_caption=\"\" data-rel=\"lightbox-gallery-1\"><img loading=\"lazy\" decoding=\"async\" src=\"https:\/\/villacoralli.com\/wp-content\/uploads\/2026\/01\/fc13-7892fac98f.jpg\" width=\"2436\" height=\"1080\" alt=\"\"\/><\/a><\/div><div class=\"rl-gallery-item\"><a href=\"https:\/\/villacoralli.com\/wp-content\/uploads\/2026\/01\/hg12-4a57ba8d6c.jpg\" title=\"\" data-rl_title=\"\" class=\"rl-gallery-link\" data-rl_caption=\"\" data-rel=\"lightbox-gallery-1\"><img loading=\"lazy\" decoding=\"async\" src=\"https:\/\/villacoralli.com\/wp-content\/uploads\/2026\/01\/hg12-4a57ba8d6c.jpg\" width=\"1000\" height=\"665\" alt=\"\"\/><\/a><\/div><div class=\"rl-gallery-item\"><a href=\"https:\/\/villacoralli.com\/wp-content\/uploads\/2026\/01\/fc14-9a5c9b36c8.jpg\" title=\"\" data-rl_title=\"\" class=\"rl-gallery-link\" data-rl_caption=\"\" data-rel=\"lightbox-gallery-1\"><img loading=\"lazy\" decoding=\"async\" src=\"https:\/\/villacoralli.com\/wp-content\/uploads\/2026\/01\/fc14-9a5c9b36c8.jpg\" width=\"1623\" height=\"1080\" alt=\"\"\/><\/a><\/div><div class=\"rl-gallery-item\"><a href=\"https:\/\/villacoralli.com\/wp-content\/uploads\/2026\/01\/fc15-4c7512da9d.jpg\" title=\"\" data-rl_title=\"\" class=\"rl-gallery-link\" data-rl_caption=\"\" data-rel=\"lightbox-gallery-1\"><img loading=\"lazy\" decoding=\"async\" src=\"https:\/\/villacoralli.com\/wp-content\/uploads\/2026\/01\/fc15-4c7512da9d.jpg\" width=\"1623\" height=\"1080\" alt=\"\"\/><\/a><\/div><div class=\"rl-gallery-item\"><a href=\"https:\/\/villacoralli.com\/wp-content\/uploads\/2026\/01\/fc16-dc40c4a5aa.jpg\" title=\"\" data-rl_title=\"\" class=\"rl-gallery-link\" data-rl_caption=\"\" data-rel=\"lightbox-gallery-1\"><img loading=\"lazy\" decoding=\"async\" src=\"https:\/\/villacoralli.com\/wp-content\/uploads\/2026\/01\/fc16-dc40c4a5aa.jpg\" width=\"1623\" height=\"1080\" alt=\"\"\/><\/a><\/div><div class=\"rl-gallery-item\"><a href=\"https:\/\/villacoralli.com\/wp-content\/uploads\/2026\/01\/hg15-4a57ba8d6c.jpg\" title=\"\" data-rl_title=\"\" class=\"rl-gallery-link\" data-rl_caption=\"\" data-rel=\"lightbox-gallery-1\"><img loading=\"lazy\" decoding=\"async\" src=\"https:\/\/villacoralli.com\/wp-content\/uploads\/2026\/01\/hg15-4a57ba8d6c.jpg\" width=\"1000\" height=\"665\" alt=\"\"\/><\/a><\/div><div class=\"rl-gallery-item\"><a href=\"https:\/\/villacoralli.com\/wp-content\/uploads\/2026\/02\/DJI_0043-scaled.jpg\" title=\"\" data-rl_title=\"\" class=\"rl-gallery-link\" data-rl_caption=\"\" data-rel=\"lightbox-gallery-1\"><img loading=\"lazy\" decoding=\"async\" src=\"https:\/\/villacoralli.com\/wp-content\/uploads\/2026\/02\/DJI_0043-scaled.jpg\" width=\"2560\" height=\"1705\" alt=\"\"\/><\/a><\/div><div class=\"rl-gallery-item\"><a href=\"https:\/\/villacoralli.com\/wp-content\/uploads\/2026\/02\/DJI_0048-scaled.jpg\" title=\"\" data-rl_title=\"\" class=\"rl-gallery-link\" data-rl_caption=\"\" data-rel=\"lightbox-gallery-1\"><img loading=\"lazy\" decoding=\"async\" src=\"https:\/\/villacoralli.com\/wp-content\/uploads\/2026\/02\/DJI_0048-scaled.jpg\" width=\"2560\" height=\"1705\" alt=\"\"\/><\/a><\/div> <\/div> <\/div><\/div>\n\n<div style=\"height:80px\" aria-hidden=\"true\" class=\"wp-block-spacer\"><\/div>\n","protected":false},"excerpt":{"rendered":"<p>L\u2019 Villa Coralli si trova di fronte alla bella spiaggia di Krioneri, a soli 150 metri dal centro della citt\u00e0. La struttura \u00e8 abbastanza lontano dalle luci e dai rumori della citt\u00e0, ma al contempo permette di raggiungere facilmente, anche a piedi, negozi, ristoranti, spiagge,parcheggio privato a pagamento. La struttura, ristrutturato di recente, \u00e8 in &hellip; <a href=\"https:\/\/villacoralli.com\/it\/i-nostri-servizi\/\" class=\"more-link\">Continue reading<span class=\"screen-reader-text\"> &#8220;I NOSTRI SERVIZI&#8221;<\/span><\/a><\/p>\n","protected":false},"author":1,"featured_media":715,"parent":0,"menu_order":0,"comment_status":"closed","ping_status":"closed","template":"template-full-width-page.php","meta":{"footnotes":""},"class_list":["post-716","page","type-page","status-publish","has-post-thumbnail","hentry"],"yoast_head":"<!-- This site is optimized with the Yoast SEO plugin v26.7 - https:\/\/yoast.com\/wordpress\/plugins\/seo\/ -->\n<title>I NOSTRI SERVIZI - Villa Coralli<\/title>\n<meta name=\"robots\" content=\"index, follow, max-snippet:-1, max-image-preview:large, max-video-preview:-1\" \/>\n<link rel=\"canonical\" href=\"https:\/\/villacoralli.com\/it\/i-nostri-servizi\/\" \/>\n<meta property=\"og:locale\" content=\"it_IT\" \/>\n<meta property=\"og:type\" content=\"article\" \/>\n<meta property=\"og:title\" content=\"I NOSTRI SERVIZI - Villa Coralli\" \/>\n<meta property=\"og:description\" content=\"L\u2019 Villa Coralli si trova di fronte alla bella spiaggia di Krioneri, a soli 150 metri dal centro della citt\u00e0. La struttura \u00e8 abbastanza lontano dalle luci e dai rumori della citt\u00e0, ma al contempo permette di raggiungere facilmente, anche a piedi, negozi, ristoranti, spiagge,parcheggio privato a pagamento. La struttura, ristrutturato di recente, \u00e8 in &hellip; Continue reading &quot;I NOSTRI SERVIZI&quot;\" \/>\n<meta property=\"og:url\" content=\"https:\/\/villacoralli.com\/it\/i-nostri-servizi\/\" \/>\n<meta property=\"og:site_name\" content=\"Villa Coralli\" \/>\n<meta property=\"article:modified_time\" content=\"2026-03-05T10:50:40+00:00\" \/>\n<meta property=\"og:image\" content=\"https:\/\/villacoralli.com\/wp-content\/uploads\/2026\/01\/header2.jpg\" \/>\n\t<meta property=\"og:image:width\" content=\"1920\" \/>\n\t<meta property=\"og:image:height\" content=\"429\" \/>\n\t<meta property=\"og:image:type\" content=\"image\/jpeg\" \/>\n<meta name=\"twitter:card\" content=\"summary_large_image\" \/>\n<meta name=\"twitter:label1\" content=\"Tempo di lettura stimato\" \/>\n\t<meta name=\"twitter:data1\" content=\"2 minuti\" \/>\n<script type=\"application\/ld+json\" class=\"yoast-schema-graph\">{\"@context\":\"https:\/\/schema.org\",\"@graph\":[{\"@type\":\"WebPage\",\"@id\":\"https:\/\/villacoralli.com\/it\/i-nostri-servizi\/\",\"url\":\"https:\/\/villacoralli.com\/it\/i-nostri-servizi\/\",\"name\":\"I NOSTRI SERVIZI - Villa Coralli\",\"isPartOf\":{\"@id\":\"https:\/\/villacoralli.com\/it\/#website\"},\"primaryImageOfPage\":{\"@id\":\"https:\/\/villacoralli.com\/it\/i-nostri-servizi\/#primaryimage\"},\"image\":{\"@id\":\"https:\/\/villacoralli.com\/it\/i-nostri-servizi\/#primaryimage\"},\"thumbnailUrl\":\"https:\/\/villacoralli.com\/wp-content\/uploads\/2026\/01\/header2.jpg\",\"datePublished\":\"2026-01-15T14:07:49+00:00\",\"dateModified\":\"2026-03-05T10:50:40+00:00\",\"breadcrumb\":{\"@id\":\"https:\/\/villacoralli.com\/it\/i-nostri-servizi\/#breadcrumb\"},\"inLanguage\":\"it-IT\",\"potentialAction\":[{\"@type\":\"ReadAction\",\"target\":[\"https:\/\/villacoralli.com\/it\/i-nostri-servizi\/\"]}]},{\"@type\":\"ImageObject\",\"inLanguage\":\"it-IT\",\"@id\":\"https:\/\/villacoralli.com\/it\/i-nostri-servizi\/#primaryimage\",\"url\":\"https:\/\/villacoralli.com\/wp-content\/uploads\/2026\/01\/header2.jpg\",\"contentUrl\":\"https:\/\/villacoralli.com\/wp-content\/uploads\/2026\/01\/header2.jpg\",\"width\":1920,\"height\":429},{\"@type\":\"BreadcrumbList\",\"@id\":\"https:\/\/villacoralli.com\/it\/i-nostri-servizi\/#breadcrumb\",\"itemListElement\":[{\"@type\":\"ListItem\",\"position\":1,\"name\":\"Initia\",\"item\":\"https:\/\/villacoralli.com\/it\/\"},{\"@type\":\"ListItem\",\"position\":2,\"name\":\"I NOSTRI SERVIZI\"}]},{\"@type\":\"WebSite\",\"@id\":\"https:\/\/villacoralli.com\/it\/#website\",\"url\":\"https:\/\/villacoralli.com\/it\/\",\"name\":\"Villa Coralli\",\"description\":\"\",\"potentialAction\":[{\"@type\":\"SearchAction\",\"target\":{\"@type\":\"EntryPoint\",\"urlTemplate\":\"https:\/\/villacoralli.com\/it\/?s={search_term_string}\"},\"query-input\":{\"@type\":\"PropertyValueSpecification\",\"valueRequired\":true,\"valueName\":\"search_term_string\"}}],\"inLanguage\":\"it-IT\"}]}<\/script>\n<!-- \/ Yoast SEO plugin. -->","yoast_head_json":{"title":"I NOSTRI SERVIZI - Villa Coralli","robots":{"index":"index","follow":"follow","max-snippet":"max-snippet:-1","max-image-preview":"max-image-preview:large","max-video-preview":"max-video-preview:-1"},"canonical":"https:\/\/villacoralli.com\/it\/i-nostri-servizi\/","og_locale":"it_IT","og_type":"article","og_title":"I NOSTRI SERVIZI - Villa Coralli","og_description":"L\u2019 Villa Coralli si trova di fronte alla bella spiaggia di Krioneri, a soli 150 metri dal centro della citt\u00e0. La struttura \u00e8 abbastanza lontano dalle luci e dai rumori della citt\u00e0, ma al contempo permette di raggiungere facilmente, anche a piedi, negozi, ristoranti, spiagge,parcheggio privato a pagamento. La struttura, ristrutturato di recente, \u00e8 in &hellip; Continue reading \"I NOSTRI SERVIZI\"","og_url":"https:\/\/villacoralli.com\/it\/i-nostri-servizi\/","og_site_name":"Villa Coralli","article_modified_time":"2026-03-05T10:50:40+00:00","og_image":[{"width":1920,"height":429,"url":"https:\/\/villacoralli.com\/wp-content\/uploads\/2026\/01\/header2.jpg","type":"image\/jpeg"}],"twitter_card":"summary_large_image","twitter_misc":{"Tempo di lettura stimato":"2 minuti"},"schema":{"@context":"https:\/\/schema.org","@graph":[{"@type":"WebPage","@id":"https:\/\/villacoralli.com\/it\/i-nostri-servizi\/","url":"https:\/\/villacoralli.com\/it\/i-nostri-servizi\/","name":"I NOSTRI SERVIZI - Villa Coralli","isPartOf":{"@id":"https:\/\/villacoralli.com\/it\/#website"},"primaryImageOfPage":{"@id":"https:\/\/villacoralli.com\/it\/i-nostri-servizi\/#primaryimage"},"image":{"@id":"https:\/\/villacoralli.com\/it\/i-nostri-servizi\/#primaryimage"},"thumbnailUrl":"https:\/\/villacoralli.com\/wp-content\/uploads\/2026\/01\/header2.jpg","datePublished":"2026-01-15T14:07:49+00:00","dateModified":"2026-03-05T10:50:40+00:00","breadcrumb":{"@id":"https:\/\/villacoralli.com\/it\/i-nostri-servizi\/#breadcrumb"},"inLanguage":"it-IT","potentialAction":[{"@type":"ReadAction","target":["https:\/\/villacoralli.com\/it\/i-nostri-servizi\/"]}]},{"@type":"ImageObject","inLanguage":"it-IT","@id":"https:\/\/villacoralli.com\/it\/i-nostri-servizi\/#primaryimage","url":"https:\/\/villacoralli.com\/wp-content\/uploads\/2026\/01\/header2.jpg","contentUrl":"https:\/\/villacoralli.com\/wp-content\/uploads\/2026\/01\/header2.jpg","width":1920,"height":429},{"@type":"BreadcrumbList","@id":"https:\/\/villacoralli.com\/it\/i-nostri-servizi\/#breadcrumb","itemListElement":[{"@type":"ListItem","position":1,"name":"Initia","item":"https:\/\/villacoralli.com\/it\/"},{"@type":"ListItem","position":2,"name":"I NOSTRI SERVIZI"}]},{"@type":"WebSite","@id":"https:\/\/villacoralli.com\/it\/#website","url":"https:\/\/villacoralli.com\/it\/","name":"Villa Coralli","description":"","potentialAction":[{"@type":"SearchAction","target":{"@type":"EntryPoint","urlTemplate":"https:\/\/villacoralli.com\/it\/?s={search_term_string}"},"query-input":{"@type":"PropertyValueSpecification","valueRequired":true,"valueName":"search_term_string"}}],"inLanguage":"it-IT"}]}},"_links":{"self":[{"href":"https:\/\/villacoralli.com\/it\/wp-json\/wp\/v2\/pages\/716","targetHints":{"allow":["GET"]}}],"collection":[{"href":"https:\/\/villacoralli.com\/it\/wp-json\/wp\/v2\/pages"}],"about":[{"href":"https:\/\/villacoralli.com\/it\/wp-json\/wp\/v2\/types\/page"}],"author":[{"embeddable":true,"href":"https:\/\/villacoralli.com\/it\/wp-json\/wp\/v2\/users\/1"}],"replies":[{"embeddable":true,"href":"https:\/\/villacoralli.com\/it\/wp-json\/wp\/v2\/comments?post=716"}],"version-history":[{"count":8,"href":"https:\/\/villacoralli.com\/it\/wp-json\/wp\/v2\/pages\/716\/revisions"}],"predecessor-version":[{"id":2452,"href":"https:\/\/villacoralli.com\/it\/wp-json\/wp\/v2\/pages\/716\/revisions\/2452"}],"wp:featuredmedia":[{"embeddable":true,"href":"https:\/\/villacoralli.com\/it\/wp-json\/wp\/v2\/media\/715"}],"wp:attachment":[{"href":"https:\/\/villacoralli.com\/it\/wp-json\/wp\/v2\/media?parent=716"}],"curies":[{"name":"wp","href":"https:\/\/api.w.org\/{rel}","templated":true}]}}