{"id":1998,"date":"2026-01-15T14:07:49","date_gmt":"2026-01-15T14:07:49","guid":{"rendered":"https:\/\/villacoralli.com\/dienstleistungen\/"},"modified":"2026-03-06T10:07:04","modified_gmt":"2026-03-06T10:07:04","slug":"dienstleistungen-villa-coralli","status":"publish","type":"page","link":"https:\/\/villacoralli.com\/de\/dienstleistungen-villa-coralli\/","title":{"rendered":"DIENSTLEISTUNGEN"},"content":{"rendered":"\n<div style=\"height:40px\" aria-hidden=\"true\" class=\"wp-block-spacer\"><\/div>\n\n\n\n<p><br>Das Villa Coralli befindet sich direkt am sch\u00f6nen Strand Kryoneri, 150 m entfernt vom Stadtzentrum. Es ist ruhig gelegen und bietet schnellen und einfachen Zugang zu Fu\u00df zu Gesch\u00e4ften, Restaurants und Str\u00e4nden, privater kostenpflichtiger Parkplatz<\/p>\n\n\n\n<p>Das erst vor kurzem renovierte Villa Coralli bietet modernen Komfort und zeichnet sich durch gepflegte und saubere Umgebung aus.<\/p>\n\n\n\n<p>Die Caf\u00e9-Bar bedient Sie ab 08.00 Uhr morgens bis Mitternacht.<\/p>\n\n\n\n<p>Unsere G\u00e4ste k\u00f6nnen frische griechische Produkte vom internationalen Buffet genie\u00dfen.<\/p>\n\n\n\n<p>Sp\u00e4ter k\u00f6nnen die G\u00e4ste sich auf der Terrasse entspannen und hei\u00dfe oder kalte Getr\u00e4nke kosten, w\u00e4hrend sie den atemberaubenden Sonnenuntergang und die erfrischende Nachtluft genie\u00dfen.<\/p>\n\n\n\n<p>Die Terrasse der Caf\u00e9s-Bar bietet einen spektakul\u00e4ren Blick auf das Ionische Meer, die Stadt Parga, die kleine Insel Panagia und die venezianische Burg.<\/p>\n\n\n\n<p>Das Villa Coralli ist ein Familienbetrieb und m\u00f6chte als solches sich auszeichnen durch herzliche Gastfreundschaft, freundliche Aufnahme und somit seinen G\u00e4sten einen angenehmen Aufenthalt gew\u00e4hrleisten.<\/p>\n\n\n\n<div class=\"wp-block-getwid-advanced-heading has-custom-font-size\" style=\"font-size:48px\"><h1 class=\"wp-block-getwid-advanced-heading__content\" style=\"text-align:center\">AUSSTATTUNG<\/h1><\/div>\n\n\n\n<div class=\"wp-block-group is-layout-grid wp-container-core-group-is-layout-148d70a5 wp-block-group-is-layout-grid\">\n<ul class=\"wp-block-list\">\n<li>Check-in: 15:00 &#8211; 23:00<\/li>\n\n\n\n<li>Check-out: 07:00 \u2013 11:00<\/li>\n\n\n\n<li>Kostenloses Wi-Fi<\/li>\n\n\n\n<li>24-Stunden-Rezeption<\/li>\n\n\n\n<li>Geb\u00e4ckaufbewahrung<\/li>\n\n\n\n<li>Safe<\/li>\n\n\n\n<li>Fax- und Fotokopie-Einrichtungen \/ E-Mail<\/li>\n<\/ul>\n\n\n\n<ul class=\"wp-block-list\">\n<li>Caf\u00e9 \u2013 Bar<\/li>\n\n\n\n<li>Fr\u00fchst\u00fcck (Buffet)<\/li>\n\n\n\n<li>Baby-\/Kinderbetreuung<\/li>\n\n\n\n<li>Kreditkarten werden akzeptiert<\/li>\n\n\n\n<li>Barzahlung<\/li>\n<\/ul>\n<\/div>\n\n\n\n<p>* Transport vom und zum Flughafen Preveza als auch vom und zum Hafen Igoumenitsa, mittels Taxi oder sonstigen Mitteln.<\/p>\n\n\n\n<div class=\"wp-block-responsive-lightbox-gallery\"><div class=\"rl-gallery-container rl-loading\" id=\"rl-gallery-container-1\" data-gallery_id=\"595\"> <div class=\"rl-gallery rl-basicgrid-gallery \" id=\"rl-gallery-1\" data-gallery_no=\"1\"> <div class=\"rl-gallery-item\"><a href=\"https:\/\/villacoralli.com\/wp-content\/uploads\/2026\/01\/hg2-4a57ba8d6c.jpg\" title=\"\" data-rl_title=\"\" class=\"rl-gallery-link\" data-rl_caption=\"\" data-rel=\"lightbox-gallery-1\"><img fetchpriority=\"high\" decoding=\"async\" src=\"https:\/\/villacoralli.com\/wp-content\/uploads\/2026\/01\/hg2-4a57ba8d6c.jpg\" width=\"1000\" height=\"667\" alt=\"\"\/><\/a><\/div><div class=\"rl-gallery-item\"><a href=\"https:\/\/villacoralli.com\/wp-content\/uploads\/2026\/01\/hg3-4a57ba8d6c.jpg\" title=\"\" data-rl_title=\"\" class=\"rl-gallery-link\" data-rl_caption=\"\" data-rel=\"lightbox-gallery-1\"><img decoding=\"async\" src=\"https:\/\/villacoralli.com\/wp-content\/uploads\/2026\/01\/hg3-4a57ba8d6c.jpg\" width=\"1000\" height=\"730\" alt=\"\"\/><\/a><\/div><div class=\"rl-gallery-item\"><a href=\"https:\/\/villacoralli.com\/wp-content\/uploads\/2026\/01\/hg5-4a57ba8d6c.jpg\" title=\"\" data-rl_title=\"\" class=\"rl-gallery-link\" data-rl_caption=\"\" data-rel=\"lightbox-gallery-1\"><img decoding=\"async\" src=\"https:\/\/villacoralli.com\/wp-content\/uploads\/2026\/01\/hg5-4a57ba8d6c.jpg\" width=\"1000\" height=\"554\" alt=\"\"\/><\/a><\/div><div class=\"rl-gallery-item\"><a href=\"https:\/\/villacoralli.com\/wp-content\/uploads\/2026\/01\/hg10-4a57ba8d6c.jpg\" title=\"\" data-rl_title=\"\" class=\"rl-gallery-link\" data-rl_caption=\"\" data-rel=\"lightbox-gallery-1\"><img loading=\"lazy\" decoding=\"async\" src=\"https:\/\/villacoralli.com\/wp-content\/uploads\/2026\/01\/hg10-4a57ba8d6c.jpg\" width=\"1000\" height=\"665\" alt=\"\"\/><\/a><\/div><div class=\"rl-gallery-item\"><a href=\"https:\/\/villacoralli.com\/wp-content\/uploads\/2026\/01\/hg9-4a57ba8d6c.jpg\" title=\"\" data-rl_title=\"\" class=\"rl-gallery-link\" data-rl_caption=\"\" data-rel=\"lightbox-gallery-1\"><img loading=\"lazy\" decoding=\"async\" src=\"https:\/\/villacoralli.com\/wp-content\/uploads\/2026\/01\/hg9-4a57ba8d6c.jpg\" width=\"1000\" height=\"667\" alt=\"\"\/><\/a><\/div><div class=\"rl-gallery-item\"><a href=\"https:\/\/villacoralli.com\/wp-content\/uploads\/2026\/01\/hg7-4a57ba8d6c.jpg\" title=\"\" data-rl_title=\"\" class=\"rl-gallery-link\" data-rl_caption=\"\" data-rel=\"lightbox-gallery-1\"><img loading=\"lazy\" decoding=\"async\" src=\"https:\/\/villacoralli.com\/wp-content\/uploads\/2026\/01\/hg7-4a57ba8d6c.jpg\" width=\"1000\" height=\"791\" alt=\"\"\/><\/a><\/div><div class=\"rl-gallery-item\"><a href=\"https:\/\/villacoralli.com\/wp-content\/uploads\/2026\/01\/hg16-4a57ba8d6c.jpg\" title=\"\" data-rl_title=\"\" class=\"rl-gallery-link\" data-rl_caption=\"\" data-rel=\"lightbox-gallery-1\"><img loading=\"lazy\" decoding=\"async\" src=\"https:\/\/villacoralli.com\/wp-content\/uploads\/2026\/01\/hg16-4a57ba8d6c.jpg\" width=\"1000\" height=\"667\" alt=\"\"\/><\/a><\/div><div class=\"rl-gallery-item\"><a href=\"https:\/\/villacoralli.com\/wp-content\/uploads\/2026\/01\/fc8-4a57ba8d6c.jpg\" title=\"\" data-rl_title=\"\" class=\"rl-gallery-link\" data-rl_caption=\"\" data-rel=\"lightbox-gallery-1\"><img loading=\"lazy\" decoding=\"async\" src=\"https:\/\/villacoralli.com\/wp-content\/uploads\/2026\/01\/fc8-4a57ba8d6c.jpg\" width=\"666\" height=\"1000\" alt=\"\"\/><\/a><\/div><div class=\"rl-gallery-item\"><a href=\"https:\/\/villacoralli.com\/wp-content\/uploads\/2026\/01\/fc13-7892fac98f.jpg\" title=\"\" data-rl_title=\"\" class=\"rl-gallery-link\" data-rl_caption=\"\" data-rel=\"lightbox-gallery-1\"><img loading=\"lazy\" decoding=\"async\" src=\"https:\/\/villacoralli.com\/wp-content\/uploads\/2026\/01\/fc13-7892fac98f.jpg\" width=\"2436\" height=\"1080\" alt=\"\"\/><\/a><\/div><div class=\"rl-gallery-item\"><a href=\"https:\/\/villacoralli.com\/wp-content\/uploads\/2026\/01\/hg12-4a57ba8d6c.jpg\" title=\"\" data-rl_title=\"\" class=\"rl-gallery-link\" data-rl_caption=\"\" data-rel=\"lightbox-gallery-1\"><img loading=\"lazy\" decoding=\"async\" src=\"https:\/\/villacoralli.com\/wp-content\/uploads\/2026\/01\/hg12-4a57ba8d6c.jpg\" width=\"1000\" height=\"665\" alt=\"\"\/><\/a><\/div><div class=\"rl-gallery-item\"><a href=\"https:\/\/villacoralli.com\/wp-content\/uploads\/2026\/01\/fc14-9a5c9b36c8.jpg\" title=\"\" data-rl_title=\"\" class=\"rl-gallery-link\" data-rl_caption=\"\" data-rel=\"lightbox-gallery-1\"><img loading=\"lazy\" decoding=\"async\" src=\"https:\/\/villacoralli.com\/wp-content\/uploads\/2026\/01\/fc14-9a5c9b36c8.jpg\" width=\"1623\" height=\"1080\" alt=\"\"\/><\/a><\/div><div class=\"rl-gallery-item\"><a href=\"https:\/\/villacoralli.com\/wp-content\/uploads\/2026\/01\/fc15-4c7512da9d.jpg\" title=\"\" data-rl_title=\"\" class=\"rl-gallery-link\" data-rl_caption=\"\" data-rel=\"lightbox-gallery-1\"><img loading=\"lazy\" decoding=\"async\" src=\"https:\/\/villacoralli.com\/wp-content\/uploads\/2026\/01\/fc15-4c7512da9d.jpg\" width=\"1623\" height=\"1080\" alt=\"\"\/><\/a><\/div><div class=\"rl-gallery-item\"><a href=\"https:\/\/villacoralli.com\/wp-content\/uploads\/2026\/01\/fc16-dc40c4a5aa.jpg\" title=\"\" data-rl_title=\"\" class=\"rl-gallery-link\" data-rl_caption=\"\" data-rel=\"lightbox-gallery-1\"><img loading=\"lazy\" decoding=\"async\" src=\"https:\/\/villacoralli.com\/wp-content\/uploads\/2026\/01\/fc16-dc40c4a5aa.jpg\" width=\"1623\" height=\"1080\" alt=\"\"\/><\/a><\/div><div class=\"rl-gallery-item\"><a href=\"https:\/\/villacoralli.com\/wp-content\/uploads\/2026\/01\/hg15-4a57ba8d6c.jpg\" title=\"\" data-rl_title=\"\" class=\"rl-gallery-link\" data-rl_caption=\"\" data-rel=\"lightbox-gallery-1\"><img loading=\"lazy\" decoding=\"async\" src=\"https:\/\/villacoralli.com\/wp-content\/uploads\/2026\/01\/hg15-4a57ba8d6c.jpg\" width=\"1000\" height=\"665\" alt=\"\"\/><\/a><\/div><div class=\"rl-gallery-item\"><a href=\"https:\/\/villacoralli.com\/wp-content\/uploads\/2026\/02\/DJI_0043-scaled.jpg\" title=\"\" data-rl_title=\"\" class=\"rl-gallery-link\" data-rl_caption=\"\" data-rel=\"lightbox-gallery-1\"><img loading=\"lazy\" decoding=\"async\" src=\"https:\/\/villacoralli.com\/wp-content\/uploads\/2026\/02\/DJI_0043-scaled.jpg\" width=\"2560\" height=\"1705\" alt=\"\"\/><\/a><\/div><div class=\"rl-gallery-item\"><a href=\"https:\/\/villacoralli.com\/wp-content\/uploads\/2026\/02\/DJI_0048-scaled.jpg\" title=\"\" data-rl_title=\"\" class=\"rl-gallery-link\" data-rl_caption=\"\" data-rel=\"lightbox-gallery-1\"><img loading=\"lazy\" decoding=\"async\" src=\"https:\/\/villacoralli.com\/wp-content\/uploads\/2026\/02\/DJI_0048-scaled.jpg\" width=\"2560\" height=\"1705\" alt=\"\"\/><\/a><\/div> <\/div> <\/div><\/div>\n\n\n\n<div style=\"height:80px\" aria-hidden=\"true\" class=\"wp-block-spacer\"><\/div>\n","protected":false},"excerpt":{"rendered":"<p>Das Villa Coralli befindet sich direkt am sch\u00f6nen Strand Kryoneri, 150 m entfernt vom Stadtzentrum. Es ist ruhig gelegen und bietet schnellen und einfachen Zugang zu Fu\u00df zu Gesch\u00e4ften, Restaurants und Str\u00e4nden, privater kostenpflichtiger Parkplatz Das erst vor kurzem renovierte Villa Coralli bietet modernen Komfort und zeichnet sich durch gepflegte und saubere Umgebung aus. Die &hellip; <a href=\"https:\/\/villacoralli.com\/de\/dienstleistungen-villa-coralli\/\" class=\"more-link\">Continue reading<span class=\"screen-reader-text\"> &#8222;DIENSTLEISTUNGEN&#8220;<\/span><\/a><\/p>\n","protected":false},"author":1,"featured_media":718,"parent":0,"menu_order":0,"comment_status":"closed","ping_status":"closed","template":"template-full-width-page.php","meta":{"footnotes":""},"class_list":["post-1998","page","type-page","status-publish","has-post-thumbnail","hentry"],"yoast_head":"<!-- This site is optimized with the Yoast SEO plugin v26.7 - https:\/\/yoast.com\/wordpress\/plugins\/seo\/ -->\n<title>DIENSTLEISTUNGEN - Villa Coralli<\/title>\n<meta name=\"robots\" content=\"index, follow, max-snippet:-1, max-image-preview:large, max-video-preview:-1\" \/>\n<link rel=\"canonical\" href=\"https:\/\/villacoralli.com\/de\/dienstleistungen-villa-coralli\/\" \/>\n<meta property=\"og:locale\" content=\"de_DE\" \/>\n<meta property=\"og:type\" content=\"article\" \/>\n<meta property=\"og:title\" content=\"DIENSTLEISTUNGEN - Villa Coralli\" \/>\n<meta property=\"og:description\" content=\"Das Villa Coralli befindet sich direkt am sch\u00f6nen Strand Kryoneri, 150 m entfernt vom Stadtzentrum. Es ist ruhig gelegen und bietet schnellen und einfachen Zugang zu Fu\u00df zu Gesch\u00e4ften, Restaurants und Str\u00e4nden, privater kostenpflichtiger Parkplatz Das erst vor kurzem renovierte Villa Coralli bietet modernen Komfort und zeichnet sich durch gepflegte und saubere Umgebung aus. Die &hellip; Continue reading &quot;DIENSTLEISTUNGEN&quot;\" \/>\n<meta property=\"og:url\" content=\"https:\/\/villacoralli.com\/de\/dienstleistungen-villa-coralli\/\" \/>\n<meta property=\"og:site_name\" content=\"Villa Coralli\" \/>\n<meta property=\"article:modified_time\" content=\"2026-03-06T10:07:04+00:00\" \/>\n<meta property=\"og:image\" content=\"https:\/\/villacoralli.com\/wp-content\/uploads\/2026\/01\/header2.jpg\" \/>\n\t<meta property=\"og:image:width\" content=\"1920\" \/>\n\t<meta property=\"og:image:height\" content=\"429\" \/>\n\t<meta property=\"og:image:type\" content=\"image\/jpeg\" \/>\n<meta name=\"twitter:card\" content=\"summary_large_image\" \/>\n<meta name=\"twitter:label1\" content=\"Gesch\u00e4tzte Lesezeit\" \/>\n\t<meta name=\"twitter:data1\" content=\"2\u00a0Minuten\" \/>\n<script type=\"application\/ld+json\" class=\"yoast-schema-graph\">{\"@context\":\"https:\/\/schema.org\",\"@graph\":[{\"@type\":\"WebPage\",\"@id\":\"https:\/\/villacoralli.com\/de\/dienstleistungen-villa-coralli\/\",\"url\":\"https:\/\/villacoralli.com\/de\/dienstleistungen-villa-coralli\/\",\"name\":\"DIENSTLEISTUNGEN - Villa Coralli\",\"isPartOf\":{\"@id\":\"https:\/\/villacoralli.com\/de\/#website\"},\"primaryImageOfPage\":{\"@id\":\"https:\/\/villacoralli.com\/de\/dienstleistungen-villa-coralli\/#primaryimage\"},\"image\":{\"@id\":\"https:\/\/villacoralli.com\/de\/dienstleistungen-villa-coralli\/#primaryimage\"},\"thumbnailUrl\":\"https:\/\/villacoralli.com\/wp-content\/uploads\/2026\/01\/header2.jpg\",\"datePublished\":\"2026-01-15T14:07:49+00:00\",\"dateModified\":\"2026-03-06T10:07:04+00:00\",\"breadcrumb\":{\"@id\":\"https:\/\/villacoralli.com\/de\/dienstleistungen-villa-coralli\/#breadcrumb\"},\"inLanguage\":\"de\",\"potentialAction\":[{\"@type\":\"ReadAction\",\"target\":[\"https:\/\/villacoralli.com\/de\/dienstleistungen-villa-coralli\/\"]}]},{\"@type\":\"ImageObject\",\"inLanguage\":\"de\",\"@id\":\"https:\/\/villacoralli.com\/de\/dienstleistungen-villa-coralli\/#primaryimage\",\"url\":\"https:\/\/villacoralli.com\/wp-content\/uploads\/2026\/01\/header2.jpg\",\"contentUrl\":\"https:\/\/villacoralli.com\/wp-content\/uploads\/2026\/01\/header2.jpg\",\"width\":1920,\"height\":429},{\"@type\":\"BreadcrumbList\",\"@id\":\"https:\/\/villacoralli.com\/de\/dienstleistungen-villa-coralli\/#breadcrumb\",\"itemListElement\":[{\"@type\":\"ListItem\",\"position\":1,\"name\":\"Startseite\",\"item\":\"https:\/\/villacoralli.com\/de\/\"},{\"@type\":\"ListItem\",\"position\":2,\"name\":\"DIENSTLEISTUNGEN\"}]},{\"@type\":\"WebSite\",\"@id\":\"https:\/\/villacoralli.com\/de\/#website\",\"url\":\"https:\/\/villacoralli.com\/de\/\",\"name\":\"Villa Coralli\",\"description\":\"\",\"publisher\":{\"@id\":\"https:\/\/villacoralli.com\/de\/#organization\"},\"potentialAction\":[{\"@type\":\"SearchAction\",\"target\":{\"@type\":\"EntryPoint\",\"urlTemplate\":\"https:\/\/villacoralli.com\/de\/?s={search_term_string}\"},\"query-input\":{\"@type\":\"PropertyValueSpecification\",\"valueRequired\":true,\"valueName\":\"search_term_string\"}}],\"inLanguage\":\"de\"},{\"@type\":\"Organization\",\"@id\":\"https:\/\/villacoralli.com\/de\/#organization\",\"name\":\"Villa Coralli\",\"url\":\"https:\/\/villacoralli.com\/de\/\",\"logo\":{\"@type\":\"ImageObject\",\"inLanguage\":\"de\",\"@id\":\"https:\/\/villacoralli.com\/de\/#\/schema\/logo\/image\/\",\"url\":\"https:\/\/villacoralli.com\/wp-content\/uploads\/2026\/01\/logo-black.png\",\"contentUrl\":\"https:\/\/villacoralli.com\/wp-content\/uploads\/2026\/01\/logo-black.png\",\"width\":200,\"height\":30,\"caption\":\"Villa Coralli\"},\"image\":{\"@id\":\"https:\/\/villacoralli.com\/de\/#\/schema\/logo\/image\/\"}}]}<\/script>\n<!-- \/ Yoast SEO plugin. -->","yoast_head_json":{"title":"DIENSTLEISTUNGEN - Villa Coralli","robots":{"index":"index","follow":"follow","max-snippet":"max-snippet:-1","max-image-preview":"max-image-preview:large","max-video-preview":"max-video-preview:-1"},"canonical":"https:\/\/villacoralli.com\/de\/dienstleistungen-villa-coralli\/","og_locale":"de_DE","og_type":"article","og_title":"DIENSTLEISTUNGEN - Villa Coralli","og_description":"Das Villa Coralli befindet sich direkt am sch\u00f6nen Strand Kryoneri, 150 m entfernt vom Stadtzentrum. Es ist ruhig gelegen und bietet schnellen und einfachen Zugang zu Fu\u00df zu Gesch\u00e4ften, Restaurants und Str\u00e4nden, privater kostenpflichtiger Parkplatz Das erst vor kurzem renovierte Villa Coralli bietet modernen Komfort und zeichnet sich durch gepflegte und saubere Umgebung aus. Die &hellip; Continue reading \"DIENSTLEISTUNGEN\"","og_url":"https:\/\/villacoralli.com\/de\/dienstleistungen-villa-coralli\/","og_site_name":"Villa Coralli","article_modified_time":"2026-03-06T10:07:04+00:00","og_image":[{"width":1920,"height":429,"url":"https:\/\/villacoralli.com\/wp-content\/uploads\/2026\/01\/header2.jpg","type":"image\/jpeg"}],"twitter_card":"summary_large_image","twitter_misc":{"Gesch\u00e4tzte Lesezeit":"2\u00a0Minuten"},"schema":{"@context":"https:\/\/schema.org","@graph":[{"@type":"WebPage","@id":"https:\/\/villacoralli.com\/de\/dienstleistungen-villa-coralli\/","url":"https:\/\/villacoralli.com\/de\/dienstleistungen-villa-coralli\/","name":"DIENSTLEISTUNGEN - Villa Coralli","isPartOf":{"@id":"https:\/\/villacoralli.com\/de\/#website"},"primaryImageOfPage":{"@id":"https:\/\/villacoralli.com\/de\/dienstleistungen-villa-coralli\/#primaryimage"},"image":{"@id":"https:\/\/villacoralli.com\/de\/dienstleistungen-villa-coralli\/#primaryimage"},"thumbnailUrl":"https:\/\/villacoralli.com\/wp-content\/uploads\/2026\/01\/header2.jpg","datePublished":"2026-01-15T14:07:49+00:00","dateModified":"2026-03-06T10:07:04+00:00","breadcrumb":{"@id":"https:\/\/villacoralli.com\/de\/dienstleistungen-villa-coralli\/#breadcrumb"},"inLanguage":"de","potentialAction":[{"@type":"ReadAction","target":["https:\/\/villacoralli.com\/de\/dienstleistungen-villa-coralli\/"]}]},{"@type":"ImageObject","inLanguage":"de","@id":"https:\/\/villacoralli.com\/de\/dienstleistungen-villa-coralli\/#primaryimage","url":"https:\/\/villacoralli.com\/wp-content\/uploads\/2026\/01\/header2.jpg","contentUrl":"https:\/\/villacoralli.com\/wp-content\/uploads\/2026\/01\/header2.jpg","width":1920,"height":429},{"@type":"BreadcrumbList","@id":"https:\/\/villacoralli.com\/de\/dienstleistungen-villa-coralli\/#breadcrumb","itemListElement":[{"@type":"ListItem","position":1,"name":"Startseite","item":"https:\/\/villacoralli.com\/de\/"},{"@type":"ListItem","position":2,"name":"DIENSTLEISTUNGEN"}]},{"@type":"WebSite","@id":"https:\/\/villacoralli.com\/de\/#website","url":"https:\/\/villacoralli.com\/de\/","name":"Villa Coralli","description":"","publisher":{"@id":"https:\/\/villacoralli.com\/de\/#organization"},"potentialAction":[{"@type":"SearchAction","target":{"@type":"EntryPoint","urlTemplate":"https:\/\/villacoralli.com\/de\/?s={search_term_string}"},"query-input":{"@type":"PropertyValueSpecification","valueRequired":true,"valueName":"search_term_string"}}],"inLanguage":"de"},{"@type":"Organization","@id":"https:\/\/villacoralli.com\/de\/#organization","name":"Villa Coralli","url":"https:\/\/villacoralli.com\/de\/","logo":{"@type":"ImageObject","inLanguage":"de","@id":"https:\/\/villacoralli.com\/de\/#\/schema\/logo\/image\/","url":"https:\/\/villacoralli.com\/wp-content\/uploads\/2026\/01\/logo-black.png","contentUrl":"https:\/\/villacoralli.com\/wp-content\/uploads\/2026\/01\/logo-black.png","width":200,"height":30,"caption":"Villa Coralli"},"image":{"@id":"https:\/\/villacoralli.com\/de\/#\/schema\/logo\/image\/"}}]}},"_links":{"self":[{"href":"https:\/\/villacoralli.com\/de\/wp-json\/wp\/v2\/pages\/1998","targetHints":{"allow":["GET"]}}],"collection":[{"href":"https:\/\/villacoralli.com\/de\/wp-json\/wp\/v2\/pages"}],"about":[{"href":"https:\/\/villacoralli.com\/de\/wp-json\/wp\/v2\/types\/page"}],"author":[{"embeddable":true,"href":"https:\/\/villacoralli.com\/de\/wp-json\/wp\/v2\/users\/1"}],"replies":[{"embeddable":true,"href":"https:\/\/villacoralli.com\/de\/wp-json\/wp\/v2\/comments?post=1998"}],"version-history":[{"count":4,"href":"https:\/\/villacoralli.com\/de\/wp-json\/wp\/v2\/pages\/1998\/revisions"}],"predecessor-version":[{"id":2451,"href":"https:\/\/villacoralli.com\/de\/wp-json\/wp\/v2\/pages\/1998\/revisions\/2451"}],"wp:featuredmedia":[{"embeddable":true,"href":"https:\/\/villacoralli.com\/de\/wp-json\/wp\/v2\/media\/718"}],"wp:attachment":[{"href":"https:\/\/villacoralli.com\/de\/wp-json\/wp\/v2\/media?parent=1998"}],"curies":[{"name":"wp","href":"https:\/\/api.w.org\/{rel}","templated":true}]}}