{"id":1982,"date":"2017-05-16T13:40:41","date_gmt":"2017-05-16T13:40:41","guid":{"rendered":"https:\/\/villacoralli.com\/willkommen-im-villa-coralli\/"},"modified":"2026-03-10T12:46:31","modified_gmt":"2026-03-10T12:46:31","slug":"willkommen-im-villa-coralli","status":"publish","type":"page","link":"https:\/\/villacoralli.com\/de\/","title":{"rendered":"WILLKOMMEN IM VILLA CORALLI"},"content":{"rendered":"\n<div class=\"wp-block-getwid-media-text-slider alignfull wp-block-getwid-media-text-slider--current-slide-1 has-arrows-outside has-dots-none\" data-labels=\"[&quot;lide 1&quot;,&quot;Slide 2&quot;,&quot;Slide 3&quot;,&quot;Slie 4&quot;,&quot;Slide 5&quot;]\" data-animation=\"fadeIn\" data-duration=\"1500ms\" data-delay=\"0ms\"><div class=\"wp-block-getwid-media-text-slider__slides-wrapper\"><div class=\"wp-block-getwid-media-text-slider__content\" data-slide-effect=\"fade\" data-slide-autoplay=\"true\" data-slide-pause-on-hover=\"true\" data-slide-autoplay-speed=\"3500\" data-slide-speed=\"1000\" data-infinite=\"true\">\n<div style=\"min-height:80vh\" class=\"wp-block-getwid-media-text-slider-slide wp-block-getwid-media-text-slider-slide__content-wrapper slide-1\"><div style=\"min-height:80vh;justify-content:center\" class=\"wp-block-getwid-media-text-slider-slide__content\">\n<div class=\"wp-block-getwid-media-text-slider-slide-content\"><figure class=\"wp-block-getwid-media-text-slider-slide-content__media\"><img fetchpriority=\"high\" decoding=\"async\" width=\"1920\" height=\"950\" src=\"https:\/\/villacoralli.com\/wp-content\/uploads\/2026\/02\/slide01.jpg\" alt=\"\" class=\"wp-block-getwid-media-text-slider-slide-content__image wp-image-1309\" srcset=\"https:\/\/villacoralli.com\/wp-content\/uploads\/2026\/02\/slide01.jpg 1920w, https:\/\/villacoralli.com\/wp-content\/uploads\/2026\/02\/slide01-300x148.jpg 300w, https:\/\/villacoralli.com\/wp-content\/uploads\/2026\/02\/slide01-1024x507.jpg 1024w, https:\/\/villacoralli.com\/wp-content\/uploads\/2026\/02\/slide01-768x380.jpg 768w, https:\/\/villacoralli.com\/wp-content\/uploads\/2026\/02\/slide01-1536x760.jpg 1536w, https:\/\/villacoralli.com\/wp-content\/uploads\/2026\/02\/slide01-1132x560.jpg 1132w\" sizes=\"(max-width: 1920px) 100vw, 1920px\" \/><div class=\"wp-block-getwid-media-text-slider-slide-content__media-overlay\" style=\"opacity:0.2\"><\/div><\/figure><div class=\"wp-block-getwid-media-text-slider-slide-content__content\"><div class=\"wp-block-getwid-media-text-slider-slide-content__content-wrapper\">\n<h1 class=\"wp-block-heading has-text-align-center has-large-font-size\">Willkommen bei <\/h1>\n\n\n\n<h1 class=\"wp-block-heading has-text-align-center has-large-font-size\">VILLA CORALLI<\/h1>\n<\/div><\/div><\/div>\n<\/div><\/div>\n\n\n\n<div style=\"min-height:80vh\" class=\"wp-block-getwid-media-text-slider-slide wp-block-getwid-media-text-slider-slide__content-wrapper slide-2\"><div style=\"min-height:80vh;justify-content:center\" class=\"wp-block-getwid-media-text-slider-slide__content\">\n<div class=\"wp-block-getwid-media-text-slider-slide-content\"><figure class=\"wp-block-getwid-media-text-slider-slide-content__media\"><img decoding=\"async\" width=\"1920\" height=\"950\" src=\"https:\/\/villacoralli.com\/wp-content\/uploads\/2026\/02\/slide02.jpg\" alt=\"\" class=\"wp-block-getwid-media-text-slider-slide-content__image wp-image-2152\" srcset=\"https:\/\/villacoralli.com\/wp-content\/uploads\/2026\/02\/slide02.jpg 1920w, https:\/\/villacoralli.com\/wp-content\/uploads\/2026\/02\/slide02-300x148.jpg 300w, https:\/\/villacoralli.com\/wp-content\/uploads\/2026\/02\/slide02-1024x507.jpg 1024w, https:\/\/villacoralli.com\/wp-content\/uploads\/2026\/02\/slide02-768x380.jpg 768w, https:\/\/villacoralli.com\/wp-content\/uploads\/2026\/02\/slide02-1536x760.jpg 1536w, https:\/\/villacoralli.com\/wp-content\/uploads\/2026\/02\/slide02-1132x560.jpg 1132w\" sizes=\"(max-width: 1920px) 100vw, 1920px\" \/><div class=\"wp-block-getwid-media-text-slider-slide-content__media-overlay\" style=\"opacity:0.2\"><\/div><\/figure><div class=\"wp-block-getwid-media-text-slider-slide-content__content\"><div class=\"wp-block-getwid-media-text-slider-slide-content__content-wrapper\">\n<h1 class=\"wp-block-heading has-text-align-center has-large-font-size\">STRAND KRYONERI<\/h1>\n\n\n\n<h1 class=\"wp-block-heading has-text-align-center has-large-font-size\">150 m von<\/h1>\n\n\n\n<h1 class=\"wp-block-heading has-text-align-center has-large-font-size\">das Stadtzentrum<\/h1>\n<\/div><\/div><\/div>\n<\/div><\/div>\n\n\n\n<div style=\"min-height:80vh\" class=\"wp-block-getwid-media-text-slider-slide wp-block-getwid-media-text-slider-slide__content-wrapper slide-3\"><div style=\"min-height:80vh;justify-content:center\" class=\"wp-block-getwid-media-text-slider-slide__content\">\n<div class=\"wp-block-getwid-media-text-slider-slide-content\"><figure class=\"wp-block-getwid-media-text-slider-slide-content__media\"><img decoding=\"async\" width=\"1920\" height=\"950\" src=\"https:\/\/villacoralli.com\/wp-content\/uploads\/2026\/02\/slide03.jpg\" alt=\"\" class=\"wp-block-getwid-media-text-slider-slide-content__image wp-image-1310\" srcset=\"https:\/\/villacoralli.com\/wp-content\/uploads\/2026\/02\/slide03.jpg 1920w, https:\/\/villacoralli.com\/wp-content\/uploads\/2026\/02\/slide03-300x148.jpg 300w, https:\/\/villacoralli.com\/wp-content\/uploads\/2026\/02\/slide03-1024x507.jpg 1024w, https:\/\/villacoralli.com\/wp-content\/uploads\/2026\/02\/slide03-768x380.jpg 768w, https:\/\/villacoralli.com\/wp-content\/uploads\/2026\/02\/slide03-1536x760.jpg 1536w, https:\/\/villacoralli.com\/wp-content\/uploads\/2026\/02\/slide03-1132x560.jpg 1132w\" sizes=\"(max-width: 1920px) 100vw, 1920px\" \/><div class=\"wp-block-getwid-media-text-slider-slide-content__media-overlay\" style=\"opacity:0.2\"><\/div><\/figure><div class=\"wp-block-getwid-media-text-slider-slide-content__content\"><div class=\"wp-block-getwid-media-text-slider-slide-content__content-wrapper\">\n<h1 class=\"wp-block-heading has-text-align-center has-large-font-size\">Entdecken<\/h1>\n\n\n\n<h1 class=\"wp-block-heading has-text-align-center has-large-font-size\">Sie Erstaunliche<\/h1>\n\n\n\n<h1 class=\"wp-block-heading has-text-align-center has-large-font-size\">Orte<\/h1>\n<\/div><\/div><\/div>\n<\/div><\/div>\n\n\n\n<div style=\"min-height:80vh\" class=\"wp-block-getwid-media-text-slider-slide wp-block-getwid-media-text-slider-slide__content-wrapper slide-4\"><div style=\"min-height:80vh;justify-content:center\" class=\"wp-block-getwid-media-text-slider-slide__content\">\n<div class=\"wp-block-getwid-media-text-slider-slide-content\"><figure class=\"wp-block-getwid-media-text-slider-slide-content__media\"><img loading=\"lazy\" decoding=\"async\" width=\"1920\" height=\"950\" src=\"https:\/\/villacoralli.com\/wp-content\/uploads\/2026\/02\/slide04.jpg\" alt=\"\" class=\"wp-block-getwid-media-text-slider-slide-content__image wp-image-1311\" srcset=\"https:\/\/villacoralli.com\/wp-content\/uploads\/2026\/02\/slide04.jpg 1920w, https:\/\/villacoralli.com\/wp-content\/uploads\/2026\/02\/slide04-300x148.jpg 300w, https:\/\/villacoralli.com\/wp-content\/uploads\/2026\/02\/slide04-1024x507.jpg 1024w, https:\/\/villacoralli.com\/wp-content\/uploads\/2026\/02\/slide04-768x380.jpg 768w, https:\/\/villacoralli.com\/wp-content\/uploads\/2026\/02\/slide04-1536x760.jpg 1536w, https:\/\/villacoralli.com\/wp-content\/uploads\/2026\/02\/slide04-1132x560.jpg 1132w\" sizes=\"(max-width: 1920px) 100vw, 1920px\" \/><div class=\"wp-block-getwid-media-text-slider-slide-content__media-overlay\" style=\"opacity:0.2\"><\/div><\/figure><div class=\"wp-block-getwid-media-text-slider-slide-content__content\"><div class=\"wp-block-getwid-media-text-slider-slide-content__content-wrapper\">\n<h1 class=\"wp-block-heading has-text-align-center has-large-font-size\">Gastfreundschaft<\/h1>\n\n\n\n<h1 class=\"wp-block-heading has-text-align-center has-large-font-size\">Angenehmer Aufenthalt<\/h1>\n\n\n\n<h1 class=\"wp-block-heading has-text-align-center has-large-font-size\">Freundliche Stimmung<\/h1>\n<\/div><\/div><\/div>\n<\/div><\/div>\n\n\n\n<div style=\"min-height:80vh\" class=\"wp-block-getwid-media-text-slider-slide wp-block-getwid-media-text-slider-slide__content-wrapper slide-5\"><div style=\"min-height:80vh;justify-content:center\" class=\"wp-block-getwid-media-text-slider-slide__content\">\n<div class=\"wp-block-getwid-media-text-slider-slide-content\"><figure class=\"wp-block-getwid-media-text-slider-slide-content__media\"><img loading=\"lazy\" decoding=\"async\" width=\"1920\" height=\"950\" src=\"https:\/\/villacoralli.com\/wp-content\/uploads\/2026\/02\/slide05.jpg\" alt=\"\" class=\"wp-block-getwid-media-text-slider-slide-content__image wp-image-1312\" srcset=\"https:\/\/villacoralli.com\/wp-content\/uploads\/2026\/02\/slide05.jpg 1920w, https:\/\/villacoralli.com\/wp-content\/uploads\/2026\/02\/slide05-300x148.jpg 300w, https:\/\/villacoralli.com\/wp-content\/uploads\/2026\/02\/slide05-1024x507.jpg 1024w, https:\/\/villacoralli.com\/wp-content\/uploads\/2026\/02\/slide05-768x380.jpg 768w, https:\/\/villacoralli.com\/wp-content\/uploads\/2026\/02\/slide05-1536x760.jpg 1536w, https:\/\/villacoralli.com\/wp-content\/uploads\/2026\/02\/slide05-1132x560.jpg 1132w\" sizes=\"(max-width: 1920px) 100vw, 1920px\" \/><div class=\"wp-block-getwid-media-text-slider-slide-content__media-overlay\" style=\"opacity:0.2\"><\/div><\/figure><div class=\"wp-block-getwid-media-text-slider-slide-content__content\"><div class=\"wp-block-getwid-media-text-slider-slide-content__content-wrapper\">\n<h1 class=\"wp-block-heading has-text-align-center has-large-font-size\">Zimmer<\/h1>\n\n\n\n<h1 class=\"wp-block-heading has-text-align-center has-large-font-size\">Studios<\/h1>\n\n\n\n<h1 class=\"wp-block-heading has-text-align-center has-large-font-size\">Wohnungen<\/h1>\n<\/div><\/div><\/div>\n<\/div><\/div>\n<\/div><\/div><\/div>\n\n\n\n\n\n<p><\/p>\n\n\n\n<div class=\"wp-block-getwid-section alignfull alignfull\"><div class=\"wp-block-getwid-section__wrapper getwid-padding-left-medium getwid-padding-right-medium\" style=\"padding-top:40px;padding-bottom:40px\"><div class=\"wp-block-getwid-section__inner-wrapper\"><div class=\"wp-block-getwid-section__background-holder\"><div class=\"wp-block-getwid-section__background\"><\/div><div class=\"wp-block-getwid-section__foreground\"><\/div><\/div><div class=\"wp-block-getwid-section__content\"><div class=\"wp-block-getwid-section__inner-content\">\n<div class=\"wp-block-columns has-2-columns are-vertically-aligned-center is-layout-flex wp-container-core-columns-is-layout-9d6595d7 wp-block-columns-is-layout-flex\">\n<div class=\"wp-block-column is-vertically-aligned-center is-layout-flow wp-block-column-is-layout-flow\">\n<div class=\"wp-block-getwid-advanced-heading has-custom-font-size\" style=\"font-size:16px;margin-bottom:0px;margin-top:0px\"><span class=\"wp-block-getwid-advanced-heading__content\">Lernen Sie uns kennen<\/span><\/div>\n\n\n\n<div class=\"wp-block-getwid-advanced-heading has-custom-font-size\" style=\"font-size:48px;margin-bottom:30px;margin-top:10px\"><h2 class=\"wp-block-getwid-advanced-heading__content has-text-color\" style=\"color:#5ba6b1\">WILLKOMMEN IM VILLA CORALLI<\/h2><\/div>\n\n\n\n<p style=\"font-size:18px\">Das Villa Coralli befindet sich direkt am sch\u00f6nen Strand Kryoneri, 150 m entfernt vom Stadtzentrum. Es ist ruhig gelegen und bietet schnellen und einfachen Zugang zu Fu\u00df zu Gesch\u00e4ften, Restaurants und Str\u00e4nden, privater kostenpflichtiger Parkplatz.<\/p>\n\n\n\n<p style=\"font-size:18px\">Die k\u00fcrzlich renovierte Villa Coralli bietet alle modernen Annehmlichkeiten und zeichnet sich durch Sauberkeit und sorgf\u00e4ltige Instandhaltung aus.<\/p>\n\n\n\n<div class=\"wp-block-getwid-advanced-spacer\" style=\"height:10px\" aria-hidden=\"true\"><\/div>\n\n\n\n<div class=\"wp-block-button is-style-outline button-mid is-style-outline--1\"><a class=\"wp-block-button__link has-custom-font-size wp-element-button\" href=\"https:\/\/villacoralli.com\/de\/krioneri-beach-kontakt\/\" style=\"font-size:18px\">Kontaktieren Sie uns<\/a><\/div>\n<\/div>\n\n\n\n<div class=\"wp-block-column is-vertically-aligned-center is-layout-flow wp-block-column-is-layout-flow\">\n<div class=\"wp-block-getwid-images-slider has-arrows-inside has-dots-none is-carousel has-slides-gap-small has-images-center has-cropped-images\"><div class=\"wp-block-getwid-images-slider__wrapper\" data-effect=\"slide\" data-slides-show=\"2\" data-slides-show-laptop=\"1\" data-slides-show-tablet=\"1\" data-slides-show-mobile=\"1\" data-slides-scroll=\"1\" data-autoplay=\"true\" data-pause-hover=\"false\" data-autoplay-speed=\"6000\" data-infinite=\"true\" data-animation-speed=\"800\" data-center-mode=\"false\" data-variable-width=\"false\" data-arrows=\"inside\" data-dots=\"none\" data-spacing=\"small\"><div class=\"wp-block-getwid-images-slider__item\"><figure><img loading=\"lazy\" decoding=\"async\" width=\"360\" height=\"240\" src=\"https:\/\/villacoralli.com\/wp-content\/uploads\/2026\/02\/1.jpg\" data-id=\"2285\" data-link=\"https:\/\/villacoralli.com\/hotel\/1-3\/\" data-original-link=\"https:\/\/villacoralli.com\/wp-content\/uploads\/2026\/02\/1.jpg\" class=\"wp-block-getwid-images-slider__image wp-image-2285\" srcset=\"https:\/\/villacoralli.com\/wp-content\/uploads\/2026\/02\/1.jpg 360w, https:\/\/villacoralli.com\/wp-content\/uploads\/2026\/02\/1-300x200.jpg 300w\" sizes=\"(max-width: 360px) 100vw, 360px\" \/><\/figure><\/div><div class=\"wp-block-getwid-images-slider__item\"><figure><img loading=\"lazy\" decoding=\"async\" width=\"360\" height=\"240\" src=\"https:\/\/villacoralli.com\/wp-content\/uploads\/2026\/02\/2.jpg\" data-id=\"2286\" data-link=\"https:\/\/villacoralli.com\/hotel\/2-3\/\" data-original-link=\"https:\/\/villacoralli.com\/wp-content\/uploads\/2026\/02\/2.jpg\" class=\"wp-block-getwid-images-slider__image wp-image-2286\" srcset=\"https:\/\/villacoralli.com\/wp-content\/uploads\/2026\/02\/2.jpg 360w, https:\/\/villacoralli.com\/wp-content\/uploads\/2026\/02\/2-300x200.jpg 300w\" sizes=\"(max-width: 360px) 100vw, 360px\" \/><\/figure><\/div><div class=\"wp-block-getwid-images-slider__item\"><figure><img loading=\"lazy\" decoding=\"async\" width=\"360\" height=\"240\" src=\"https:\/\/villacoralli.com\/wp-content\/uploads\/2026\/02\/3.jpg\" data-id=\"2287\" data-link=\"https:\/\/villacoralli.com\/hotel\/3-3\/\" data-original-link=\"https:\/\/villacoralli.com\/wp-content\/uploads\/2026\/02\/3.jpg\" class=\"wp-block-getwid-images-slider__image wp-image-2287\" srcset=\"https:\/\/villacoralli.com\/wp-content\/uploads\/2026\/02\/3.jpg 360w, https:\/\/villacoralli.com\/wp-content\/uploads\/2026\/02\/3-300x200.jpg 300w\" sizes=\"(max-width: 360px) 100vw, 360px\" \/><\/figure><\/div><div class=\"wp-block-getwid-images-slider__item\"><figure><img loading=\"lazy\" decoding=\"async\" width=\"360\" height=\"240\" src=\"https:\/\/villacoralli.com\/wp-content\/uploads\/2026\/02\/4.jpg\" data-id=\"2288\" data-link=\"https:\/\/villacoralli.com\/hotel\/4-3\/\" data-original-link=\"https:\/\/villacoralli.com\/wp-content\/uploads\/2026\/02\/4.jpg\" class=\"wp-block-getwid-images-slider__image wp-image-2288\" srcset=\"https:\/\/villacoralli.com\/wp-content\/uploads\/2026\/02\/4.jpg 360w, https:\/\/villacoralli.com\/wp-content\/uploads\/2026\/02\/4-300x200.jpg 300w\" sizes=\"(max-width: 360px) 100vw, 360px\" \/><\/figure><\/div><div class=\"wp-block-getwid-images-slider__item\"><figure><img loading=\"lazy\" decoding=\"async\" width=\"360\" height=\"240\" src=\"https:\/\/villacoralli.com\/wp-content\/uploads\/2026\/02\/5.jpg\" data-id=\"2289\" data-link=\"https:\/\/villacoralli.com\/hotel\/attachment\/5\/\" data-original-link=\"https:\/\/villacoralli.com\/wp-content\/uploads\/2026\/02\/5.jpg\" class=\"wp-block-getwid-images-slider__image wp-image-2289\" srcset=\"https:\/\/villacoralli.com\/wp-content\/uploads\/2026\/02\/5.jpg 360w, https:\/\/villacoralli.com\/wp-content\/uploads\/2026\/02\/5-300x200.jpg 300w\" sizes=\"(max-width: 360px) 100vw, 360px\" \/><\/figure><\/div><div class=\"wp-block-getwid-images-slider__item\"><figure><img loading=\"lazy\" decoding=\"async\" width=\"360\" height=\"240\" src=\"https:\/\/villacoralli.com\/wp-content\/uploads\/2026\/02\/6.jpg\" data-id=\"2290\" data-link=\"https:\/\/villacoralli.com\/hotel\/6-3\/\" data-original-link=\"https:\/\/villacoralli.com\/wp-content\/uploads\/2026\/02\/6.jpg\" class=\"wp-block-getwid-images-slider__image wp-image-2290\" srcset=\"https:\/\/villacoralli.com\/wp-content\/uploads\/2026\/02\/6.jpg 360w, https:\/\/villacoralli.com\/wp-content\/uploads\/2026\/02\/6-300x200.jpg 300w\" sizes=\"(max-width: 360px) 100vw, 360px\" \/><\/figure><\/div><\/div><\/div>\n<\/div>\n<\/div>\n<\/div><\/div><\/div><\/div><\/div>\n\n\n\n<div class=\"wp-block-getwid-section alignfull alignfull\"><div class=\"wp-block-getwid-section__wrapper getwid-padding-top-large getwid-padding-bottom-large getwid-padding-left-medium getwid-padding-right-medium\" style=\"min-height:45vh\"><div class=\"wp-block-getwid-section__inner-wrapper\"><div class=\"wp-block-getwid-section__background-holder\"><div class=\"wp-block-getwid-section__background\" style=\"background-image:url('https:\/\/villacoralli.com\/wp-content\/uploads\/2026\/01\/map-stigma.jpg');background-position:center center;background-repeat:no-repeat;background-attachment:fixed\"><div class=\"wp-block-getwid-section__background-image-wrapper\"><img decoding=\"async\" class=\"wp-block-getwid-section__background-image\" src=\"https:\/\/villacoralli.com\/wp-content\/uploads\/2026\/01\/map-stigma.jpg\" alt=\"\"\/><\/div><\/div><div class=\"wp-block-getwid-section__foreground\" style=\"opacity:0.4;background-color:#000000\"><\/div><\/div><div class=\"wp-block-getwid-section__content\"><div class=\"wp-block-getwid-section__inner-content\">\n<div class=\"wp-block-getwid-advanced-heading has-custom-font-size\" style=\"font-size:44px;margin-bottom:30px;margin-top:10px\"><h2 class=\"wp-block-getwid-advanced-heading__content has-text-color\" style=\"text-align:center;color:#ffffff\">Nehmen Sie jetzt Kontakt auf<\/h2><\/div>\n\n\n\n<div class=\"wp-block-getwid-advanced-spacer\" style=\"height:20px\" aria-hidden=\"true\"><\/div>\n\n\n\n<div class=\"wp-block-button aligncenter button-bot\"><a class=\"wp-block-button__link has-background has-custom-font-size wp-element-button\" href=\"https:\/\/villacoralli.com\/de\/krioneri-beach-kontakt\/\" style=\"background-color:#ffffff;font-size:18px\">Kontaktieren Sie uns<\/a><\/div>\n<\/div><\/div><\/div><\/div><\/div>\n\n\n\n<p><\/p>\n","protected":false},"excerpt":{"rendered":"","protected":false},"author":1,"featured_media":0,"parent":0,"menu_order":0,"comment_status":"closed","ping_status":"closed","template":"elementor_header_footer","meta":{"footnotes":""},"class_list":["post-1982","page","type-page","status-publish","hentry"],"yoast_head":"<!-- This site is optimized with the Yoast SEO plugin v26.7 - https:\/\/yoast.com\/wordpress\/plugins\/seo\/ -->\n<title>WILLKOMMEN IM VILLA CORALLI - Villa Coralli<\/title>\n<meta name=\"robots\" content=\"index, follow, max-snippet:-1, max-image-preview:large, max-video-preview:-1\" \/>\n<link rel=\"canonical\" href=\"https:\/\/villacoralli.com\/de\/\" \/>\n<meta property=\"og:locale\" content=\"de_DE\" \/>\n<meta property=\"og:type\" content=\"article\" \/>\n<meta property=\"og:title\" content=\"WILLKOMMEN IM VILLA CORALLI - Villa Coralli\" \/>\n<meta property=\"og:url\" content=\"https:\/\/villacoralli.com\/de\/\" \/>\n<meta property=\"og:site_name\" content=\"Villa Coralli\" \/>\n<meta property=\"article:modified_time\" content=\"2026-03-10T12:46:31+00:00\" \/>\n<meta property=\"og:image\" content=\"https:\/\/villacoralli.com\/wp-content\/uploads\/2026\/02\/slide01.jpg\" \/>\n\t<meta property=\"og:image:width\" content=\"1920\" \/>\n\t<meta property=\"og:image:height\" content=\"950\" \/>\n\t<meta property=\"og:image:type\" content=\"image\/jpeg\" \/>\n<meta name=\"twitter:card\" content=\"summary_large_image\" \/>\n<meta name=\"twitter:label1\" content=\"Gesch\u00e4tzte Lesezeit\" \/>\n\t<meta name=\"twitter:data1\" content=\"4\u00a0Minuten\" \/>\n<script type=\"application\/ld+json\" class=\"yoast-schema-graph\">{\"@context\":\"https:\/\/schema.org\",\"@graph\":[{\"@type\":\"WebPage\",\"@id\":\"https:\/\/villacoralli.com\/de\/\",\"url\":\"https:\/\/villacoralli.com\/de\/\",\"name\":\"WILLKOMMEN IM VILLA CORALLI - Villa Coralli\",\"isPartOf\":{\"@id\":\"https:\/\/villacoralli.com\/de\/#website\"},\"primaryImageOfPage\":{\"@id\":\"https:\/\/villacoralli.com\/de\/#primaryimage\"},\"image\":{\"@id\":\"https:\/\/villacoralli.com\/de\/#primaryimage\"},\"thumbnailUrl\":\"https:\/\/villacoralli.com\/wp-content\/uploads\/2026\/02\/slide01.jpg\",\"datePublished\":\"2017-05-16T13:40:41+00:00\",\"dateModified\":\"2026-03-10T12:46:31+00:00\",\"breadcrumb\":{\"@id\":\"https:\/\/villacoralli.com\/de\/#breadcrumb\"},\"inLanguage\":\"de\",\"potentialAction\":[{\"@type\":\"ReadAction\",\"target\":[\"https:\/\/villacoralli.com\/de\/\"]}]},{\"@type\":\"ImageObject\",\"inLanguage\":\"de\",\"@id\":\"https:\/\/villacoralli.com\/de\/#primaryimage\",\"url\":\"https:\/\/villacoralli.com\/wp-content\/uploads\/2026\/02\/slide01.jpg\",\"contentUrl\":\"https:\/\/villacoralli.com\/wp-content\/uploads\/2026\/02\/slide01.jpg\"},{\"@type\":\"BreadcrumbList\",\"@id\":\"https:\/\/villacoralli.com\/de\/#breadcrumb\",\"itemListElement\":[{\"@type\":\"ListItem\",\"position\":1,\"name\":\"Startseite\",\"item\":\"https:\/\/villacoralli.com\/de\/\"},{\"@type\":\"ListItem\",\"position\":2,\"name\":\"WILLKOMMEN IM VILLA CORALLI\"}]},{\"@type\":\"WebSite\",\"@id\":\"https:\/\/villacoralli.com\/de\/#website\",\"url\":\"https:\/\/villacoralli.com\/de\/\",\"name\":\"Villa Coralli\",\"description\":\"\",\"publisher\":{\"@id\":\"https:\/\/villacoralli.com\/de\/#organization\"},\"potentialAction\":[{\"@type\":\"SearchAction\",\"target\":{\"@type\":\"EntryPoint\",\"urlTemplate\":\"https:\/\/villacoralli.com\/de\/?s={search_term_string}\"},\"query-input\":{\"@type\":\"PropertyValueSpecification\",\"valueRequired\":true,\"valueName\":\"search_term_string\"}}],\"inLanguage\":\"de\"},{\"@type\":\"Organization\",\"@id\":\"https:\/\/villacoralli.com\/de\/#organization\",\"name\":\"Villa Coralli\",\"url\":\"https:\/\/villacoralli.com\/de\/\",\"logo\":{\"@type\":\"ImageObject\",\"inLanguage\":\"de\",\"@id\":\"https:\/\/villacoralli.com\/de\/#\/schema\/logo\/image\/\",\"url\":\"https:\/\/villacoralli.com\/wp-content\/uploads\/2026\/01\/logo-black.png\",\"contentUrl\":\"https:\/\/villacoralli.com\/wp-content\/uploads\/2026\/01\/logo-black.png\",\"width\":200,\"height\":30,\"caption\":\"Villa Coralli\"},\"image\":{\"@id\":\"https:\/\/villacoralli.com\/de\/#\/schema\/logo\/image\/\"}}]}<\/script>\n<!-- \/ Yoast SEO plugin. -->","yoast_head_json":{"title":"WILLKOMMEN IM VILLA CORALLI - Villa Coralli","robots":{"index":"index","follow":"follow","max-snippet":"max-snippet:-1","max-image-preview":"max-image-preview:large","max-video-preview":"max-video-preview:-1"},"canonical":"https:\/\/villacoralli.com\/de\/","og_locale":"de_DE","og_type":"article","og_title":"WILLKOMMEN IM VILLA CORALLI - Villa Coralli","og_url":"https:\/\/villacoralli.com\/de\/","og_site_name":"Villa Coralli","article_modified_time":"2026-03-10T12:46:31+00:00","og_image":[{"width":1920,"height":950,"url":"https:\/\/villacoralli.com\/wp-content\/uploads\/2026\/02\/slide01.jpg","type":"image\/jpeg"}],"twitter_card":"summary_large_image","twitter_misc":{"Gesch\u00e4tzte Lesezeit":"4\u00a0Minuten"},"schema":{"@context":"https:\/\/schema.org","@graph":[{"@type":"WebPage","@id":"https:\/\/villacoralli.com\/de\/","url":"https:\/\/villacoralli.com\/de\/","name":"WILLKOMMEN IM VILLA CORALLI - Villa Coralli","isPartOf":{"@id":"https:\/\/villacoralli.com\/de\/#website"},"primaryImageOfPage":{"@id":"https:\/\/villacoralli.com\/de\/#primaryimage"},"image":{"@id":"https:\/\/villacoralli.com\/de\/#primaryimage"},"thumbnailUrl":"https:\/\/villacoralli.com\/wp-content\/uploads\/2026\/02\/slide01.jpg","datePublished":"2017-05-16T13:40:41+00:00","dateModified":"2026-03-10T12:46:31+00:00","breadcrumb":{"@id":"https:\/\/villacoralli.com\/de\/#breadcrumb"},"inLanguage":"de","potentialAction":[{"@type":"ReadAction","target":["https:\/\/villacoralli.com\/de\/"]}]},{"@type":"ImageObject","inLanguage":"de","@id":"https:\/\/villacoralli.com\/de\/#primaryimage","url":"https:\/\/villacoralli.com\/wp-content\/uploads\/2026\/02\/slide01.jpg","contentUrl":"https:\/\/villacoralli.com\/wp-content\/uploads\/2026\/02\/slide01.jpg"},{"@type":"BreadcrumbList","@id":"https:\/\/villacoralli.com\/de\/#breadcrumb","itemListElement":[{"@type":"ListItem","position":1,"name":"Startseite","item":"https:\/\/villacoralli.com\/de\/"},{"@type":"ListItem","position":2,"name":"WILLKOMMEN IM VILLA CORALLI"}]},{"@type":"WebSite","@id":"https:\/\/villacoralli.com\/de\/#website","url":"https:\/\/villacoralli.com\/de\/","name":"Villa Coralli","description":"","publisher":{"@id":"https:\/\/villacoralli.com\/de\/#organization"},"potentialAction":[{"@type":"SearchAction","target":{"@type":"EntryPoint","urlTemplate":"https:\/\/villacoralli.com\/de\/?s={search_term_string}"},"query-input":{"@type":"PropertyValueSpecification","valueRequired":true,"valueName":"search_term_string"}}],"inLanguage":"de"},{"@type":"Organization","@id":"https:\/\/villacoralli.com\/de\/#organization","name":"Villa Coralli","url":"https:\/\/villacoralli.com\/de\/","logo":{"@type":"ImageObject","inLanguage":"de","@id":"https:\/\/villacoralli.com\/de\/#\/schema\/logo\/image\/","url":"https:\/\/villacoralli.com\/wp-content\/uploads\/2026\/01\/logo-black.png","contentUrl":"https:\/\/villacoralli.com\/wp-content\/uploads\/2026\/01\/logo-black.png","width":200,"height":30,"caption":"Villa Coralli"},"image":{"@id":"https:\/\/villacoralli.com\/de\/#\/schema\/logo\/image\/"}}]}},"_links":{"self":[{"href":"https:\/\/villacoralli.com\/de\/wp-json\/wp\/v2\/pages\/1982","targetHints":{"allow":["GET"]}}],"collection":[{"href":"https:\/\/villacoralli.com\/de\/wp-json\/wp\/v2\/pages"}],"about":[{"href":"https:\/\/villacoralli.com\/de\/wp-json\/wp\/v2\/types\/page"}],"author":[{"embeddable":true,"href":"https:\/\/villacoralli.com\/de\/wp-json\/wp\/v2\/users\/1"}],"replies":[{"embeddable":true,"href":"https:\/\/villacoralli.com\/de\/wp-json\/wp\/v2\/comments?post=1982"}],"version-history":[{"count":12,"href":"https:\/\/villacoralli.com\/de\/wp-json\/wp\/v2\/pages\/1982\/revisions"}],"predecessor-version":[{"id":2460,"href":"https:\/\/villacoralli.com\/de\/wp-json\/wp\/v2\/pages\/1982\/revisions\/2460"}],"wp:attachment":[{"href":"https:\/\/villacoralli.com\/de\/wp-json\/wp\/v2\/media?parent=1982"}],"curies":[{"name":"wp","href":"https:\/\/api.w.org\/{rel}","templated":true}]}}